{"id":560,"date":"2022-03-22T23:08:45","date_gmt":"2022-03-22T23:08:45","guid":{"rendered":"https:\/\/www.carmeleta.com\/?page_id=560"},"modified":"2024-05-03T10:02:50","modified_gmt":"2024-05-03T10:02:50","slug":"contacto","status":"publish","type":"page","link":"https:\/\/carmeleta.com\/en\/contacto\/","title":{"rendered":"Contact"},"content":{"rendered":"<div data-elementor-type=\"wp-page\" data-elementor-id=\"560\" class=\"elementor elementor-560\">\n\t\t\t\t\t\t<section class=\"elementor-section elementor-top-section elementor-element elementor-element-140c686 elementor-section-full_width elementor-section-height-default elementor-section-height-default\" data-id=\"140c686\" data-element_type=\"section\" data-settings=\"{&quot;background_background&quot;:&quot;classic&quot;}\">\n\t\t\t\t\t\t<div class=\"elementor-container elementor-column-gap-default\">\n\t\t\t\t\t<div class=\"elementor-column elementor-col-100 elementor-top-column elementor-element elementor-element-1512b8a\" data-id=\"1512b8a\" data-element_type=\"column\">\n\t\t\t<div class=\"elementor-widget-wrap elementor-element-populated\">\n\t\t\t\t\t\t<div class=\"elementor-element elementor-element-5116da5 elementor-widget elementor-widget-image\" data-id=\"5116da5\" data-element_type=\"widget\" data-widget_type=\"image.default\">\n\t\t\t\t<div class=\"elementor-widget-container\">\n\t\t\t\t\t\t\t\t\t\t\t\t\t<img fetchpriority=\"high\" decoding=\"async\" width=\"260\" height=\"251\" src=\"https:\/\/carmeleta.com\/wp-content\/uploads\/2022\/04\/APERITIVO-VERMOUTH.svg\" class=\"attachment-large size-large wp-image-1130\" alt=\"\" \/>\t\t\t\t\t\t\t\t\t\t\t\t\t<\/div>\n\t\t\t\t<\/div>\n\t\t\t\t<div class=\"elementor-element elementor-element-1854587 e-transform elementor-widget elementor-widget-heading\" data-id=\"1854587\" data-element_type=\"widget\" data-settings=\"{&quot;_transform_scale_effect_hover&quot;:{&quot;unit&quot;:&quot;px&quot;,&quot;size&quot;:1.1,&quot;sizes&quot;:[]},&quot;_transform_scale_effect_hover_tablet&quot;:{&quot;unit&quot;:&quot;px&quot;,&quot;size&quot;:&quot;&quot;,&quot;sizes&quot;:[]},&quot;_transform_scale_effect_hover_mobile&quot;:{&quot;unit&quot;:&quot;px&quot;,&quot;size&quot;:&quot;&quot;,&quot;sizes&quot;:[]}}\" data-widget_type=\"heading.default\">\n\t\t\t\t<div class=\"elementor-widget-container\">\n\t\t\t<h1 class=\"elementor-heading-title elementor-size-default\">Contact<\/h1>\t\t<\/div>\n\t\t\t\t<\/div>\n\t\t\t\t\t<\/div>\n\t\t<\/div>\n\t\t\t\t\t<\/div>\n\t\t<\/section>\n\t\t\t\t<section class=\"elementor-section elementor-top-section elementor-element elementor-element-ff77194 elementor-section-full_width elementor-section-height-default elementor-section-height-default\" data-id=\"ff77194\" data-element_type=\"section\" data-settings=\"{&quot;background_background&quot;:&quot;classic&quot;}\">\n\t\t\t\t\t\t<div class=\"elementor-container elementor-column-gap-default\">\n\t\t\t\t\t<div class=\"elementor-column elementor-col-100 elementor-top-column elementor-element elementor-element-e2b6790\" data-id=\"e2b6790\" data-element_type=\"column\">\n\t\t\t<div class=\"elementor-widget-wrap elementor-element-populated\">\n\t\t\t\t\t\t<div class=\"elementor-element elementor-element-735f73e elementor-button-align-center elementor-widget elementor-widget-form\" data-id=\"735f73e\" data-element_type=\"widget\" data-settings=\"{&quot;step_next_label&quot;:&quot;Next&quot;,&quot;step_previous_label&quot;:&quot;Previous&quot;,&quot;step_type&quot;:&quot;number_text&quot;,&quot;step_icon_shape&quot;:&quot;circle&quot;}\" data-widget_type=\"form.default\">\n\t\t\t\t<div class=\"elementor-widget-container\">\n\t\t\t\t\t<form class=\"elementor-form\" method=\"post\" name=\"New Form\" action=\"\">\n\t\t\t<input type=\"hidden\" name=\"post_id\" value=\"560\"\/>\n\t\t\t<input type=\"hidden\" name=\"form_id\" value=\"735f73e\"\/>\n\t\t\t<input type=\"hidden\" name=\"referer_title\" value=\"Carmeleta\" \/>\n\n\t\t\t\n\t\t\t<div class=\"elementor-form-fields-wrapper elementor-labels-\">\n\t\t\t\t\t\t\t\t<div class=\"elementor-field-type-text elementor-field-group elementor-column elementor-field-group-name elementor-col-50 elementor-field-required\">\n\t\t\t\t\t\t\t\t\t\t\t\t<label for=\"form-field-name\" class=\"elementor-field-label elementor-screen-only\">\n\t\t\t\t\t\t\t\tName\t\t\t\t\t\t\t<\/label>\n\t\t\t\t\t\t\t\t\t\t\t\t\t\t<input size=\"1\" type=\"text\" name=\"form_fields[name]\" id=\"form-field-name\" class=\"elementor-field elementor-size-lg  elementor-field-textual\" placeholder=\"NAME*\" required=\"required\" aria-required=\"true\">\n\t\t\t\t\t\t\t\t\t\t\t<\/div>\n\t\t\t\t\t\t\t\t<div class=\"elementor-field-type-text elementor-field-group elementor-column elementor-field-group-email elementor-col-50 elementor-field-required\">\n\t\t\t\t\t\t\t\t\t\t\t\t<label for=\"form-field-email\" class=\"elementor-field-label elementor-screen-only\">\n\t\t\t\t\t\t\t\tApellidos\t\t\t\t\t\t\t<\/label>\n\t\t\t\t\t\t\t\t\t\t\t\t\t\t<input size=\"1\" type=\"text\" name=\"form_fields[email]\" id=\"form-field-email\" class=\"elementor-field elementor-size-lg  elementor-field-textual\" placeholder=\"SURNAMES*\" required=\"required\" aria-required=\"true\">\n\t\t\t\t\t\t\t\t\t\t\t<\/div>\n\t\t\t\t\t\t\t\t<div class=\"elementor-field-type-email elementor-field-group elementor-column elementor-field-group-field_039ca42 elementor-col-50 elementor-field-required\">\n\t\t\t\t\t\t\t\t\t\t\t\t<label for=\"form-field-field_039ca42\" class=\"elementor-field-label elementor-screen-only\">\n\t\t\t\t\t\t\t\tEmail\t\t\t\t\t\t\t<\/label>\n\t\t\t\t\t\t\t\t\t\t\t\t\t\t<input size=\"1\" type=\"email\" name=\"form_fields[field_039ca42]\" id=\"form-field-field_039ca42\" class=\"elementor-field elementor-size-lg  elementor-field-textual\" placeholder=\"EMAIL*\" required=\"required\" aria-required=\"true\">\n\t\t\t\t\t\t\t\t\t\t\t<\/div>\n\t\t\t\t\t\t\t\t<div class=\"elementor-field-type-email elementor-field-group elementor-column elementor-field-group-field_a998788 elementor-col-50 elementor-field-required\">\n\t\t\t\t\t\t\t\t\t\t\t\t<label for=\"form-field-field_a998788\" class=\"elementor-field-label elementor-screen-only\">\n\t\t\t\t\t\t\t\tConf Email\t\t\t\t\t\t\t<\/label>\n\t\t\t\t\t\t\t\t\t\t\t\t\t\t<input size=\"1\" type=\"email\" name=\"form_fields[field_a998788]\" id=\"form-field-field_a998788\" class=\"elementor-field elementor-size-lg  elementor-field-textual\" placeholder=\"CONFIRM EMAIL*\" required=\"required\" aria-required=\"true\">\n\t\t\t\t\t\t\t\t\t\t\t<\/div>\n\t\t\t\t\t\t\t\t<div class=\"elementor-field-type-textarea elementor-field-group elementor-column elementor-field-group-message elementor-col-100 elementor-field-required\">\n\t\t\t\t\t\t\t\t\t\t\t\t<label for=\"form-field-message\" class=\"elementor-field-label elementor-screen-only\">\n\t\t\t\t\t\t\t\tmensaje\t\t\t\t\t\t\t<\/label>\n\t\t\t\t\t\t<textarea class=\"elementor-field-textual elementor-field  elementor-size-lg\" name=\"form_fields[message]\" id=\"form-field-message\" rows=\"7\" placeholder=\"MESSAGE*\" required=\"required\" aria-required=\"true\"><\/textarea>\t\t\t\t<\/div>\n\t\t\t\t\t\t\t\t<div class=\"elementor-field-type-checkbox elementor-field-group elementor-column elementor-field-group-field_7b5f574 elementor-col-100\">\n\t\t\t\t\t\t\t\t\t\t\t\t<label for=\"form-field-field_7b5f574\" class=\"elementor-field-label elementor-screen-only\">\n\t\t\t\t\t\t\t\tcheck\t\t\t\t\t\t\t<\/label>\n\t\t\t\t\t\t<div class=\"elementor-field-subgroup\"><span class=\"elementor-field-option\"><input type=\"checkbox\" value=\"He le\u00eddo y acepto la pol\u00edtica de privacidad. Acepto que mis datos facilitados en el formulario de contacto sean tratados electr\u00f3nicamente y sean utilizados con el prop\u00f3sito de contactar conmigo. Soy consciente de que puedo revocar mi consentimiento en cualquier momento.\" id=\"form-field-field_7b5f574-0\" name=\"form_fields[field_7b5f574]\"> <label for=\"form-field-field_7b5f574-0\">I have read and accept the privacy policy. I agree that my data provided in the contact form will be processed electronically and used for the purpose of contacting me. I am aware that I can revoke my consent at any time.<\/label><\/span><\/div>\t\t\t\t<\/div>\n\t\t\t\t\t\t\t\t<div class=\"elementor-field-group elementor-column elementor-field-type-submit elementor-col-100 e-form__buttons\">\n\t\t\t\t\t<button type=\"submit\" class=\"elementor-button elementor-size-md\">\n\t\t\t\t\t\t<span >\n\t\t\t\t\t\t\t\t\t\t\t\t\t\t\t<span class=\"elementor-button-icon\">\n\t\t\t\t\t\t\t\t\t\t\t\t\t\t\t\t\t\t\t\t\t\t\t\t\t\t<\/span>\n\t\t\t\t\t\t\t\t\t\t\t\t\t\t\t\t\t\t\t\t\t\t<span class=\"elementor-button-text\">SEND<\/span>\n\t\t\t\t\t\t\t\t\t\t\t\t\t<\/span>\n\t\t\t\t\t<\/button>\n\t\t\t\t<\/div>\n\t\t\t<\/div>\n\t\t<input type=\"hidden\" name=\"trp-form-language\" value=\"en\"\/><\/form>\n\t\t\t\t<\/div>\n\t\t\t\t<\/div>\n\t\t\t\t\t<\/div>\n\t\t<\/div>\n\t\t\t\t\t<\/div>\n\t\t<\/section>\n\t\t\t\t<section class=\"elementor-section elementor-top-section elementor-element elementor-element-5d60569 elementor-section-full_width elementor-section-height-min-height elementor-section-height-default elementor-section-items-middle\" data-id=\"5d60569\" data-element_type=\"section\" data-settings=\"{&quot;background_background&quot;:&quot;gradient&quot;}\">\n\t\t\t\t\t\t<div class=\"elementor-container elementor-column-gap-default\">\n\t\t\t\t\t<div class=\"elementor-column elementor-col-100 elementor-top-column elementor-element elementor-element-45af2be\" data-id=\"45af2be\" data-element_type=\"column\">\n\t\t\t<div class=\"elementor-widget-wrap\">\n\t\t\t\t\t\t\t<\/div>\n\t\t<\/div>\n\t\t\t\t\t<\/div>\n\t\t<\/section>\n\t\t\t\t<\/div>","protected":false},"excerpt":{"rendered":"<p>Contact<\/p>","protected":false},"author":6,"featured_media":0,"parent":0,"menu_order":0,"comment_status":"closed","ping_status":"closed","template":"","meta":{"footnotes":""},"class_list":["post-560","page","type-page","status-publish","hentry"],"yoast_head":"<!-- This site is optimized with the Yoast SEO plugin v23.5 - https:\/\/yoast.com\/wordpress\/plugins\/seo\/ -->\n<title>Contacto - Carmeleta<\/title>\n<meta name=\"robots\" content=\"noindex, follow\" \/>\n<meta property=\"og:locale\" content=\"en_GB\" \/>\n<meta property=\"og:type\" content=\"article\" \/>\n<meta property=\"og:title\" content=\"Contacto - Carmeleta\" \/>\n<meta property=\"og:description\" content=\"Contacto\" \/>\n<meta property=\"og:url\" content=\"https:\/\/carmeleta.com\/en\/contacto\/\" \/>\n<meta property=\"og:site_name\" content=\"Carmeleta\" \/>\n<meta property=\"article:modified_time\" content=\"2024-05-03T10:02:50+00:00\" \/>\n<meta property=\"og:image\" content=\"https:\/\/www.carmeleta.com\/wp-content\/uploads\/2022\/04\/APERITIVO-VERMOUTH.svg\" \/>\n<meta name=\"twitter:card\" content=\"summary_large_image\" \/>\n<meta name=\"twitter:label1\" content=\"Estimated reading time\" \/>\n\t<meta name=\"twitter:data1\" content=\"1 minute\" \/>\n<script type=\"application\/ld+json\" class=\"yoast-schema-graph\">{\"@context\":\"https:\/\/schema.org\",\"@graph\":[{\"@type\":\"WebPage\",\"@id\":\"https:\/\/carmeleta.com\/contacto\/\",\"url\":\"https:\/\/carmeleta.com\/contacto\/\",\"name\":\"Contacto - Carmeleta\",\"isPartOf\":{\"@id\":\"https:\/\/carmeleta.com\/#website\"},\"primaryImageOfPage\":{\"@id\":\"https:\/\/carmeleta.com\/contacto\/#primaryimage\"},\"image\":{\"@id\":\"https:\/\/carmeleta.com\/contacto\/#primaryimage\"},\"thumbnailUrl\":\"https:\/\/www.carmeleta.com\/wp-content\/uploads\/2022\/04\/APERITIVO-VERMOUTH.svg\",\"datePublished\":\"2022-03-22T23:08:45+00:00\",\"dateModified\":\"2024-05-03T10:02:50+00:00\",\"breadcrumb\":{\"@id\":\"https:\/\/carmeleta.com\/contacto\/#breadcrumb\"},\"inLanguage\":\"en-GB\",\"potentialAction\":[{\"@type\":\"ReadAction\",\"target\":[\"https:\/\/carmeleta.com\/contacto\/\"]}]},{\"@type\":\"ImageObject\",\"inLanguage\":\"en-GB\",\"@id\":\"https:\/\/carmeleta.com\/contacto\/#primaryimage\",\"url\":\"https:\/\/www.carmeleta.com\/wp-content\/uploads\/2022\/04\/APERITIVO-VERMOUTH.svg\",\"contentUrl\":\"https:\/\/www.carmeleta.com\/wp-content\/uploads\/2022\/04\/APERITIVO-VERMOUTH.svg\"},{\"@type\":\"BreadcrumbList\",\"@id\":\"https:\/\/carmeleta.com\/contacto\/#breadcrumb\",\"itemListElement\":[{\"@type\":\"ListItem\",\"position\":1,\"name\":\"Portada\",\"item\":\"https:\/\/carmeleta.com\/\"},{\"@type\":\"ListItem\",\"position\":2,\"name\":\"Contacto\"}]},{\"@type\":\"WebSite\",\"@id\":\"https:\/\/carmeleta.com\/#website\",\"url\":\"https:\/\/carmeleta.com\/\",\"name\":\"Carmeleta\",\"description\":\"Web de Carmeleta\",\"potentialAction\":[{\"@type\":\"SearchAction\",\"target\":{\"@type\":\"EntryPoint\",\"urlTemplate\":\"https:\/\/carmeleta.com\/?s={search_term_string}\"},\"query-input\":{\"@type\":\"PropertyValueSpecification\",\"valueRequired\":true,\"valueName\":\"search_term_string\"}}],\"inLanguage\":\"en-GB\"}]}<\/script>\n<!-- \/ Yoast SEO plugin. -->","yoast_head_json":{"title":"Contacto - Carmeleta","robots":{"index":"noindex","follow":"follow"},"og_locale":"en_GB","og_type":"article","og_title":"Contacto - Carmeleta","og_description":"Contacto","og_url":"https:\/\/carmeleta.com\/en\/contacto\/","og_site_name":"Carmeleta","article_modified_time":"2024-05-03T10:02:50+00:00","og_image":[{"url":"https:\/\/www.carmeleta.com\/wp-content\/uploads\/2022\/04\/APERITIVO-VERMOUTH.svg"}],"twitter_card":"summary_large_image","twitter_misc":{"Estimated reading time":"1 minute"},"schema":{"@context":"https:\/\/schema.org","@graph":[{"@type":"WebPage","@id":"https:\/\/carmeleta.com\/contacto\/","url":"https:\/\/carmeleta.com\/contacto\/","name":"Contacto - Carmeleta","isPartOf":{"@id":"https:\/\/carmeleta.com\/#website"},"primaryImageOfPage":{"@id":"https:\/\/carmeleta.com\/contacto\/#primaryimage"},"image":{"@id":"https:\/\/carmeleta.com\/contacto\/#primaryimage"},"thumbnailUrl":"https:\/\/www.carmeleta.com\/wp-content\/uploads\/2022\/04\/APERITIVO-VERMOUTH.svg","datePublished":"2022-03-22T23:08:45+00:00","dateModified":"2024-05-03T10:02:50+00:00","breadcrumb":{"@id":"https:\/\/carmeleta.com\/contacto\/#breadcrumb"},"inLanguage":"en-GB","potentialAction":[{"@type":"ReadAction","target":["https:\/\/carmeleta.com\/contacto\/"]}]},{"@type":"ImageObject","inLanguage":"en-GB","@id":"https:\/\/carmeleta.com\/contacto\/#primaryimage","url":"https:\/\/www.carmeleta.com\/wp-content\/uploads\/2022\/04\/APERITIVO-VERMOUTH.svg","contentUrl":"https:\/\/www.carmeleta.com\/wp-content\/uploads\/2022\/04\/APERITIVO-VERMOUTH.svg"},{"@type":"BreadcrumbList","@id":"https:\/\/carmeleta.com\/contacto\/#breadcrumb","itemListElement":[{"@type":"ListItem","position":1,"name":"Portada","item":"https:\/\/carmeleta.com\/"},{"@type":"ListItem","position":2,"name":"Contacto"}]},{"@type":"WebSite","@id":"https:\/\/carmeleta.com\/#website","url":"https:\/\/carmeleta.com\/","name":"Carmeleta","description":"Web de Carmeleta","potentialAction":[{"@type":"SearchAction","target":{"@type":"EntryPoint","urlTemplate":"https:\/\/carmeleta.com\/?s={search_term_string}"},"query-input":{"@type":"PropertyValueSpecification","valueRequired":true,"valueName":"search_term_string"}}],"inLanguage":"en-GB"}]}},"_links":{"self":[{"href":"https:\/\/carmeleta.com\/en\/wp-json\/wp\/v2\/pages\/560","targetHints":{"allow":["GET"]}}],"collection":[{"href":"https:\/\/carmeleta.com\/en\/wp-json\/wp\/v2\/pages"}],"about":[{"href":"https:\/\/carmeleta.com\/en\/wp-json\/wp\/v2\/types\/page"}],"author":[{"embeddable":true,"href":"https:\/\/carmeleta.com\/en\/wp-json\/wp\/v2\/users\/6"}],"replies":[{"embeddable":true,"href":"https:\/\/carmeleta.com\/en\/wp-json\/wp\/v2\/comments?post=560"}],"version-history":[{"count":29,"href":"https:\/\/carmeleta.com\/en\/wp-json\/wp\/v2\/pages\/560\/revisions"}],"predecessor-version":[{"id":3473,"href":"https:\/\/carmeleta.com\/en\/wp-json\/wp\/v2\/pages\/560\/revisions\/3473"}],"wp:attachment":[{"href":"https:\/\/carmeleta.com\/en\/wp-json\/wp\/v2\/media?parent=560"}],"curies":[{"name":"wp","href":"https:\/\/api.w.org\/{rel}","templated":true}]}}