{"id":1539,"date":"2022-04-19T11:05:35","date_gmt":"2022-04-19T11:05:35","guid":{"rendered":"https:\/\/www.carmeleta.com\/?page_id=1539"},"modified":"2023-05-16T13:11:53","modified_gmt":"2023-05-16T13:11:53","slug":"aviso-legal","status":"publish","type":"page","link":"https:\/\/carmeleta.com\/en\/aviso-legal\/","title":{"rendered":"Legal Notice"},"content":{"rendered":"<div data-elementor-type=\"wp-page\" data-elementor-id=\"1539\" class=\"elementor elementor-1539\">\n\t\t\t\t\t\t<section class=\"elementor-section elementor-top-section elementor-element elementor-element-3477b4b elementor-section-boxed elementor-section-height-default elementor-section-height-default\" data-id=\"3477b4b\" data-element_type=\"section\">\n\t\t\t\t\t\t<div class=\"elementor-container elementor-column-gap-default\">\n\t\t\t\t\t<div class=\"elementor-column elementor-col-100 elementor-top-column elementor-element elementor-element-9e71e1c\" data-id=\"9e71e1c\" data-element_type=\"column\">\n\t\t\t<div class=\"elementor-widget-wrap elementor-element-populated\">\n\t\t\t\t\t\t<div class=\"elementor-element elementor-element-6103179 elementor-widget elementor-widget-text-editor\" data-id=\"6103179\" data-element_type=\"widget\" data-widget_type=\"text-editor.default\">\n\t\t\t\t<div class=\"elementor-widget-container\">\n\t\t\t\t\t\t\t<p><strong>AVISO LEGAL\u00a0 &#8211; POL\u00cdTICA DE PRIVACIDAD<\/strong><\/p><p>\u00a0<\/p><p><strong>INFORMACI\u00d3N AL USUARIO<\/strong><\/p><p><strong>\u00bfQui\u00e9n es el responsable del tratamiento de tus datos personales?<\/strong><\/p><p><strong>SPIRIT &amp; COCKTAIL SL<\/strong> es el RESPONSABLE del tratamiento de los datos personales del USUARIO y le informa de que estos datos ser\u00e1n tratados de conformidad con lo dispuesto en el Reglamento (UE) 2016\/679, de 27 de abril (GDPR), y la Ley Org\u00e1nica 3\/2018, de 5 de diciembre (LOPDGDD).<\/p><p><strong>\u00bfPara qu\u00e9 tratamos tus datos personales y por qu\u00e9 lo hacemos?<\/strong><\/p><p>Seg\u00fan el formulario donde hayamos obtenido sus datos personales, los trataremos de manera confidencial para alcanzar los siguientes fines:<\/p><p>En el formulario <strong>Contact<\/strong><\/p><ul><li>Dar respuesta a las consultas o cualquier tipo de petici\u00f3n que sea realizada por el usuario a trav\u00e9s de cualquiera de las formas de contacto que se ponen a su disposici\u00f3n en la p\u00e1gina web del responsable. <br \/>(<em>por el inter\u00e9s leg\u00edtimo del responsable, art. 6.1.f GDPR<\/em>)<\/li><li>Realizar an\u00e1lisis estad\u00edsticos y estudios de mercado. <br \/>(<em>por el inter\u00e9s leg\u00edtimo del responsable, art. 6.1.f GDPR<\/em>)<\/li><\/ul><p>En el formulario <strong>Newsletter<\/strong><\/p><ul><li>Remitir boletines informativos, novedades, ofertas y promociones online. <br \/>(<em>por el consentimiento del interesado, 6.1.a GDPR<\/em>)<\/li><\/ul><p>En el formulario <strong>E-commerce<\/strong><\/p><ul><li>Gestionar su compra o pedido online, procesar el pago y proceder al env\u00edo del mismo, en base a las condiciones generales de contrataci\u00f3n. <br \/>(<em>para la ejecuci\u00f3n de un contrato o precontrato, 6.1.b GDPR<\/em>)<\/li><li>Gestionar, mantener, mejorar o desarrollar los servicios prestados. <br \/>(<em>para la ejecuci\u00f3n de un contrato o precontrato, 6.1.b GDPR<\/em>)<\/li><li>Realizar encuestas de satisfacci\u00f3n y calidad. <br \/>(<em>por el inter\u00e9s leg\u00edtimo del responsable, art. 6.1.f GDPR<\/em>)<\/li><\/ul><p>En el formulario <strong>Tarjeta de fidelizaci\u00f3n<\/strong><\/p><ul><li>Gestionar la tarjeta de fidelizaci\u00f3n en caso de solicitarla. <br \/>(<em>por el consentimiento del interesado, 6.1.a GDPR<\/em>)<\/li><li>Realizar an\u00e1lisis estad\u00edsticos y estudios de mercado. <br \/>(<em>por el inter\u00e9s leg\u00edtimo del responsable, art. 6.1.f GDPR<\/em>)<\/li><\/ul><p>En el formulario <strong>Sorteos y promociones<\/strong><\/p><ul><li>Participar en sorteos, concursos, promociones u otros servicios ofrecidos por el responsable. <br \/>(<em>por el consentimiento del interesado, 6.1.a GDPR<\/em>)<\/li><li>Enviar comunicaciones comerciales publicitarias por e-mail, fax, SMS, MMS, redes sociales o cualquier otro medio electr\u00f3nico o f\u00edsico, presente o futuro, que posibilite realizar comunicaciones comerciales. Estas comunicaciones ser\u00e1n realizadas por el responsable y estar\u00e1n relacionadas con sus productos y servicios, o de sus colaboradores o proveedores, con los que este haya alcanzado alg\u00fan acuerdo de promoci\u00f3n. En este caso, los terceros nunca tendr\u00e1n acceso a los datos personales. <br \/>(<em>por el consentimiento del interesado, 6.1.a GDPR<\/em>)<\/li><\/ul><p>En el formulario <strong>Reservas<\/strong><\/p><ul><li>Formalizar reservas en el establecimiento del responsable. <br \/>(<em>para la ejecuci\u00f3n de un contrato o precontrato, 6.1.b GDPR<\/em>)<\/li><li>Enviar comunicaciones comerciales publicitarias por e-mail, fax, SMS, MMS, redes sociales o cualquier otro medio electr\u00f3nico o f\u00edsico, presente o futuro a clientes, que posibilite realizar comunicaciones comerciales referentes a productos o servicios que sean similares a los que inicialmente fueron objeto de contrataci\u00f3n con el cliente (art. 21.2 LSSI). <br \/>(<em>por el inter\u00e9s leg\u00edtimo del responsable, art. 6.1.f GDPR<\/em>)<\/li><\/ul><p><strong>\u00bfDurante cu\u00e1nto tiempo guardaremos tus datos personales?<\/strong><\/p><p>Se conservar\u00e1n durante no m\u00e1s tiempo del necesario para mantener el fin del tratamiento o existan prescripciones legales que dictaminen su custodia y cuando ya no sea necesario para ello, se suprimir\u00e1n con medidas de seguridad adecuadas para garantizar la anonimizaci\u00f3n de los datos o la destrucci\u00f3n total de los mismos.<\/p><p><strong>\u00bfA qui\u00e9n facilitamos sus datos personales?<\/strong><\/p><p>No est\u00e1 prevista ninguna comunicaci\u00f3n de datos personales a terceros salvo, si fuese necesario para el desarrollo y ejecuci\u00f3n de las finalidades del tratamiento, a nuestros proveedores de servicios relacionados con comunicaciones, con los cuales el RESPONSABLE tiene suscritos los contratos de confidencialidad y de encargado de tratamiento exigidos por la normativa vigente de privacidad.<\/p><p><strong>\u00bfCu\u00e1les son tus derechos?<\/strong><\/p><p>Los derechos que asisten al USUARIO son:<\/p><ul><li>Derecho a retirar el consentimiento en cualquier momento.<\/li><li>Derecho de acceso, rectificaci\u00f3n, portabilidad y supresi\u00f3n de sus datos, y de limitaci\u00f3n u oposici\u00f3n a su tratamiento.<\/li><li>Derecho a presentar una reclamaci\u00f3n ante la autoridad de control (www.aepd.es) si considera que el tratamiento no se ajusta a la normativa vigente.<\/li><\/ul><p><strong>Datos de contacto para ejercer sus derechos<\/strong>:<\/p><p>SPIRIT &amp; COCKTAIL SL. Calle Navarra, 9 Bajo Izda \u2013 46008 \u2013 Valencia ( Espa\u00f1a). E-mail: info@carmeleta.com<\/p><ol start=\"2\"><li><strong> CAR\u00c1CTER OBLIGATORIO O FACULTATIVO DE LA INFORMACI\u00d3N FACILITADA POR EL USUARIO<\/strong><\/li><\/ol><p>Los USUARIOS, mediante la marcaci\u00f3n de las casillas correspondientes y la entrada de datos en los campos, marcados con un asterisco (*) en el formulario de contacto o presentados en formularios de descarga, aceptan expresamente y de forma libre e inequ\u00edvoca, que sus datos son necesarios para atender su petici\u00f3n, por parte del prestador, siendo voluntaria la inclusi\u00f3n de datos en los campos restantes. El USUARIO garantiza que los datos personales facilitados al RESPONSABLE son veraces y se hace responsable de comunicar cualquier modificaci\u00f3n de los mismos.<\/p><p>El RESPONSABLE informa de que todos los datos solicitados a trav\u00e9s del sitio web son obligatorios, ya que son necesarios para la prestaci\u00f3n de un servicio \u00f3ptimo al USUARIO. En caso de que no se faciliten todos los datos, no se garantiza que la informaci\u00f3n y servicios facilitados sean completamente ajustados a sus necesidades.<\/p><ol start=\"3\"><li><strong> MEDIDAS DE SEGURIDAD<\/strong><\/li><\/ol><p>Que de conformidad con lo dispuesto en las normativas vigentes en protecci\u00f3n de datos personales, el RESPONSABLE est\u00e1 cumpliendo con todas las disposiciones de las normativas GDPR y LOPDGDD para el tratamiento de los datos personales de su responsabilidad, y manifiestamente con los principios descritos en el art\u00edculo 5 del GDPR, por los cuales son tratados de manera l\u00edcita, leal y transparente en relaci\u00f3n con el interesado y adecuados, pertinentes y limitados a lo necesario en relaci\u00f3n con los fines para los que son tratados.<\/p><p>El RESPONSABLE garantiza que ha implementado pol\u00edticas t\u00e9cnicas y organizativas apropiadas para aplicar las medidas de seguridad que establecen el GDPR y la LOPDGDD con el fin de proteger los derechos y libertades de los USUARIOS y les ha comunicado la informaci\u00f3n adecuada para que puedan ejercerlos.<\/p><p>Para m\u00e1s informaci\u00f3n sobre las garant\u00edas de privacidad, puedes dirigirte al RESPONSABLE a trav\u00e9s de SPIRIT &amp; COCKTAIL SL. Calle Navarra, 9 Bajo Izda \u2013 46008 \u2013 Valencia ( Espa\u00f1a). E-mail: info@carmeleta.com<\/p>\t\t\t\t\t\t<\/div>\n\t\t\t\t<\/div>\n\t\t\t\t\t<\/div>\n\t\t<\/div>\n\t\t\t\t\t<\/div>\n\t\t<\/section>\n\t\t\t\t<\/div>","protected":false},"excerpt":{"rendered":"<p>AVISO LEGAL&nbsp; &#8211; POL\u00cdTICA DE PRIVACIDAD INFORMACI\u00d3N AL USUARIO \u00bfQui\u00e9n es el responsable del tratamiento de tus datos personales? SPIRIT &amp; COCKTAIL SL es el RESPONSABLE del tratamiento de los datos personales del USUARIO y le informa de que estos datos ser\u00e1n tratados de conformidad con lo dispuesto en el Reglamento (UE) 2016\/679, de 27 [&hellip;]<\/p>","protected":false},"author":6,"featured_media":0,"parent":0,"menu_order":0,"comment_status":"closed","ping_status":"closed","template":"","meta":{"footnotes":""},"class_list":["post-1539","page","type-page","status-publish","hentry"],"yoast_head":"<!-- This site is optimized with the Yoast SEO plugin v23.5 - https:\/\/yoast.com\/wordpress\/plugins\/seo\/ -->\n<title>Aviso Legal - Carmeleta<\/title>\n<meta name=\"robots\" content=\"noindex, follow\" \/>\n<meta property=\"og:locale\" content=\"en_GB\" \/>\n<meta property=\"og:type\" content=\"article\" \/>\n<meta property=\"og:title\" content=\"Aviso Legal - Carmeleta\" \/>\n<meta property=\"og:description\" content=\"AVISO LEGAL&nbsp; &#8211; POL\u00cdTICA DE PRIVACIDAD INFORMACI\u00d3N AL USUARIO \u00bfQui\u00e9n es el responsable del tratamiento de tus datos personales? SPIRIT &amp; COCKTAIL SL es el RESPONSABLE del tratamiento de los datos personales del USUARIO y le informa de que estos datos ser\u00e1n tratados de conformidad con lo dispuesto en el Reglamento (UE) 2016\/679, de 27 [&hellip;]\" \/>\n<meta property=\"og:url\" content=\"https:\/\/carmeleta.com\/en\/aviso-legal\/\" \/>\n<meta property=\"og:site_name\" content=\"Carmeleta\" \/>\n<meta property=\"article:modified_time\" content=\"2023-05-16T13:11:53+00:00\" \/>\n<meta name=\"twitter:card\" content=\"summary_large_image\" \/>\n<meta name=\"twitter:label1\" content=\"Estimated reading time\" \/>\n\t<meta name=\"twitter:data1\" content=\"5 minutes\" \/>\n<script type=\"application\/ld+json\" class=\"yoast-schema-graph\">{\"@context\":\"https:\/\/schema.org\",\"@graph\":[{\"@type\":\"WebPage\",\"@id\":\"https:\/\/carmeleta.com\/aviso-legal\/\",\"url\":\"https:\/\/carmeleta.com\/aviso-legal\/\",\"name\":\"Aviso Legal - Carmeleta\",\"isPartOf\":{\"@id\":\"https:\/\/carmeleta.com\/#website\"},\"datePublished\":\"2022-04-19T11:05:35+00:00\",\"dateModified\":\"2023-05-16T13:11:53+00:00\",\"breadcrumb\":{\"@id\":\"https:\/\/carmeleta.com\/aviso-legal\/#breadcrumb\"},\"inLanguage\":\"en-GB\",\"potentialAction\":[{\"@type\":\"ReadAction\",\"target\":[\"https:\/\/carmeleta.com\/aviso-legal\/\"]}]},{\"@type\":\"BreadcrumbList\",\"@id\":\"https:\/\/carmeleta.com\/aviso-legal\/#breadcrumb\",\"itemListElement\":[{\"@type\":\"ListItem\",\"position\":1,\"name\":\"Portada\",\"item\":\"https:\/\/carmeleta.com\/\"},{\"@type\":\"ListItem\",\"position\":2,\"name\":\"Aviso Legal\"}]},{\"@type\":\"WebSite\",\"@id\":\"https:\/\/carmeleta.com\/#website\",\"url\":\"https:\/\/carmeleta.com\/\",\"name\":\"Carmeleta\",\"description\":\"Web de Carmeleta\",\"potentialAction\":[{\"@type\":\"SearchAction\",\"target\":{\"@type\":\"EntryPoint\",\"urlTemplate\":\"https:\/\/carmeleta.com\/?s={search_term_string}\"},\"query-input\":{\"@type\":\"PropertyValueSpecification\",\"valueRequired\":true,\"valueName\":\"search_term_string\"}}],\"inLanguage\":\"en-GB\"}]}<\/script>\n<!-- \/ Yoast SEO plugin. -->","yoast_head_json":{"title":"Aviso Legal - Carmeleta","robots":{"index":"noindex","follow":"follow"},"og_locale":"en_GB","og_type":"article","og_title":"Aviso Legal - Carmeleta","og_description":"AVISO LEGAL&nbsp; &#8211; POL\u00cdTICA DE PRIVACIDAD INFORMACI\u00d3N AL USUARIO \u00bfQui\u00e9n es el responsable del tratamiento de tus datos personales? SPIRIT &amp; COCKTAIL SL es el RESPONSABLE del tratamiento de los datos personales del USUARIO y le informa de que estos datos ser\u00e1n tratados de conformidad con lo dispuesto en el Reglamento (UE) 2016\/679, de 27 [&hellip;]","og_url":"https:\/\/carmeleta.com\/en\/aviso-legal\/","og_site_name":"Carmeleta","article_modified_time":"2023-05-16T13:11:53+00:00","twitter_card":"summary_large_image","twitter_misc":{"Estimated reading time":"5 minutes"},"schema":{"@context":"https:\/\/schema.org","@graph":[{"@type":"WebPage","@id":"https:\/\/carmeleta.com\/aviso-legal\/","url":"https:\/\/carmeleta.com\/aviso-legal\/","name":"Aviso Legal - Carmeleta","isPartOf":{"@id":"https:\/\/carmeleta.com\/#website"},"datePublished":"2022-04-19T11:05:35+00:00","dateModified":"2023-05-16T13:11:53+00:00","breadcrumb":{"@id":"https:\/\/carmeleta.com\/aviso-legal\/#breadcrumb"},"inLanguage":"en-GB","potentialAction":[{"@type":"ReadAction","target":["https:\/\/carmeleta.com\/aviso-legal\/"]}]},{"@type":"BreadcrumbList","@id":"https:\/\/carmeleta.com\/aviso-legal\/#breadcrumb","itemListElement":[{"@type":"ListItem","position":1,"name":"Portada","item":"https:\/\/carmeleta.com\/"},{"@type":"ListItem","position":2,"name":"Aviso Legal"}]},{"@type":"WebSite","@id":"https:\/\/carmeleta.com\/#website","url":"https:\/\/carmeleta.com\/","name":"Carmeleta","description":"Web de Carmeleta","potentialAction":[{"@type":"SearchAction","target":{"@type":"EntryPoint","urlTemplate":"https:\/\/carmeleta.com\/?s={search_term_string}"},"query-input":{"@type":"PropertyValueSpecification","valueRequired":true,"valueName":"search_term_string"}}],"inLanguage":"en-GB"}]}},"_links":{"self":[{"href":"https:\/\/carmeleta.com\/en\/wp-json\/wp\/v2\/pages\/1539","targetHints":{"allow":["GET"]}}],"collection":[{"href":"https:\/\/carmeleta.com\/en\/wp-json\/wp\/v2\/pages"}],"about":[{"href":"https:\/\/carmeleta.com\/en\/wp-json\/wp\/v2\/types\/page"}],"author":[{"embeddable":true,"href":"https:\/\/carmeleta.com\/en\/wp-json\/wp\/v2\/users\/6"}],"replies":[{"embeddable":true,"href":"https:\/\/carmeleta.com\/en\/wp-json\/wp\/v2\/comments?post=1539"}],"version-history":[{"count":9,"href":"https:\/\/carmeleta.com\/en\/wp-json\/wp\/v2\/pages\/1539\/revisions"}],"predecessor-version":[{"id":1570,"href":"https:\/\/carmeleta.com\/en\/wp-json\/wp\/v2\/pages\/1539\/revisions\/1570"}],"wp:attachment":[{"href":"https:\/\/carmeleta.com\/en\/wp-json\/wp\/v2\/media?parent=1539"}],"curies":[{"name":"wp","href":"https:\/\/api.w.org\/{rel}","templated":true}]}}